{"id":741,"date":"2022-10-30T16:40:06","date_gmt":"2022-10-30T15:40:06","guid":{"rendered":"https:\/\/virstudio.eu\/?page_id=741"},"modified":"2022-11-07T16:26:25","modified_gmt":"2022-11-07T15:26:25","slug":"meble-stolik-t","status":"publish","type":"page","link":"https:\/\/virstudio.eu\/?page_id=741","title":{"rendered":"meble stolik T"},"content":{"rendered":"\t\t<div data-elementor-type=\"wp-page\" data-elementor-id=\"741\" class=\"elementor elementor-741\">\n\t\t\t\t\t\t\t\t\t<section class=\"elementor-section elementor-top-section elementor-element elementor-element-0e0f0c1 elementor-section-full_width elementor-section-height-default elementor-section-height-default qodef-elementor-content-no\" data-id=\"0e0f0c1\" data-element_type=\"section\">\n\t\t\t\t\t\t<div class=\"elementor-container elementor-column-gap-no\">\n\t\t\t\t\t<div class=\"elementor-column elementor-col-50 elementor-top-column elementor-element elementor-element-56ff6bb\" data-id=\"56ff6bb\" data-element_type=\"column\">\n\t\t\t<div class=\"elementor-widget-wrap elementor-element-populated\">\n\t\t\t\t\t\t\t\t<div class=\"elementor-element elementor-element-4fc6902 elementor-widget elementor-widget-image\" data-id=\"4fc6902\" data-element_type=\"widget\" data-widget_type=\"image.default\">\n\t\t\t\t<div class=\"elementor-widget-container\">\n\t\t\t<style>\/*! elementor - v3.8.1 - 13-11-2022 *\/\n.elementor-widget-image{text-align:center}.elementor-widget-image a{display:inline-block}.elementor-widget-image a img[src$=\".svg\"]{width:48px}.elementor-widget-image img{vertical-align:middle;display:inline-block}<\/style>\t\t\t\t\t\t\t\t\t\t\t\t\t<a href=\"https:\/\/virstudio.eu\/wp-admin\/post.php?post=320&#038;action=elementor#\">\n\t\t\t\t\t\t\t<img decoding=\"async\" width=\"1707\" height=\"2560\" src=\"https:\/\/virstudio.eu\/wp-content\/uploads\/2022\/10\/a2v3-scaled.jpg\" class=\"attachment-full size-full\" alt=\"\" loading=\"lazy\" srcset=\"https:\/\/virstudio.eu\/wp-content\/uploads\/2022\/10\/a2v3-scaled.jpg 1707w, https:\/\/virstudio.eu\/wp-content\/uploads\/2022\/10\/a2v3-200x300.jpg 200w, https:\/\/virstudio.eu\/wp-content\/uploads\/2022\/10\/a2v3-683x1024.jpg 683w, https:\/\/virstudio.eu\/wp-content\/uploads\/2022\/10\/a2v3-768x1152.jpg 768w, https:\/\/virstudio.eu\/wp-content\/uploads\/2022\/10\/a2v3-1024x1536.jpg 1024w, https:\/\/virstudio.eu\/wp-content\/uploads\/2022\/10\/a2v3-1365x2048.jpg 1365w, https:\/\/virstudio.eu\/wp-content\/uploads\/2022\/10\/a2v3-600x900.jpg 600w\" sizes=\"(max-width: 1707px) 100vw, 1707px\" \/>\t\t\t\t\t\t\t\t<\/a>\n\t\t\t\t\t\t\t\t\t\t\t\t\t\t\t<\/div>\n\t\t\t\t<\/div>\n\t\t\t\t\t<\/div>\n\t\t<\/div>\n\t\t\t\t<div class=\"elementor-column elementor-col-50 elementor-top-column elementor-element elementor-element-5a1e048\" data-id=\"5a1e048\" data-element_type=\"column\">\n\t\t\t<div class=\"elementor-widget-wrap elementor-element-populated\">\n\t\t\t\t\t\t\t\t<div class=\"elementor-element elementor-element-cc3f9e5 elementor-widget elementor-widget-text-editor\" data-id=\"cc3f9e5\" data-element_type=\"widget\" data-widget_type=\"text-editor.default\">\n\t\t\t\t<div class=\"elementor-widget-container\">\n\t\t\t<style>\/*! elementor - v3.8.1 - 13-11-2022 *\/\n.elementor-widget-text-editor.elementor-drop-cap-view-stacked .elementor-drop-cap{background-color:#818a91;color:#fff}.elementor-widget-text-editor.elementor-drop-cap-view-framed .elementor-drop-cap{color:#818a91;border:3px solid;background-color:transparent}.elementor-widget-text-editor:not(.elementor-drop-cap-view-default) .elementor-drop-cap{margin-top:8px}.elementor-widget-text-editor:not(.elementor-drop-cap-view-default) .elementor-drop-cap-letter{width:1em;height:1em}.elementor-widget-text-editor .elementor-drop-cap{float:left;text-align:center;line-height:1;font-size:50px}.elementor-widget-text-editor .elementor-drop-cap-letter{display:inline-block}<\/style>\t\t\t\t<h4>tripedes<\/h4>\t\t\t\t\t\t<\/div>\n\t\t\t\t<\/div>\n\t\t\t\t<div class=\"elementor-element elementor-element-7de53a7 elementor-widget elementor-widget-text-editor\" data-id=\"7de53a7\" data-element_type=\"widget\" data-widget_type=\"text-editor.default\">\n\t\t\t\t<div class=\"elementor-widget-container\">\n\t\t\t\t\t\t\t<p>TRIPEDES (z<span style=\"background-color: rgb(255, 255, 255); color: var( --e-global-color-text ); font-family: var( --e-global-typography-text-font-family ), Sans-serif; font-weight: var( --e-global-typography-text-font-weight ); letter-spacing: 0px;\">&nbsp;j.\u0142aci\u0144skiego &#8211; tr\u00f3jnogi)&nbsp;<\/span><span style=\"color: var( --e-global-color-text ); font-family: var( --e-global-typography-text-font-family ), Sans-serif; font-weight: var( --e-global-typography-text-font-weight ); letter-spacing: 0px;\">to elegancki stolik kawowy o bardzo prostej i solidnej konstrukcji. Jego wszechstronno\u015b\u0107 doceni ka\u017cdy kto poszukuje miejsca na od\u0142o\u017cenie ksi\u0105\u017cki lub fili\u017canki z kaw\u0105 w salonie. Z powodzeniem sprawdza si\u0119 on r\u00f3wnie\u017c jako postument sta\u0142ego wystroju wn\u0119trz jak lampka czy ziele\u0144 doniczkowa podnosz\u0105c ich rang\u0119 w przestrzeni.<\/span><\/p>\n<p><span style=\"color: var( --e-global-color-text ); font-family: var( --e-global-typography-text-font-family ), Sans-serif; font-weight: var( --e-global-typography-text-font-weight ); letter-spacing: 0px;\"><br><\/span><\/p>\n<p><span style=\"color: var( --e-global-color-text ); font-family: var( --e-global-typography-text-font-family ), Sans-serif; font-weight: var( --e-global-typography-text-font-weight ); letter-spacing: 0px;\">Wymiary:<\/span><\/p>\n<p><span style=\"color: var( --e-global-color-text ); font-family: var( --e-global-typography-text-font-family ), Sans-serif; font-weight: var( --e-global-typography-text-font-weight ); letter-spacing: 0px;\">Rozmiar blatu: 50cm x 50cm<\/span><\/p>\n<p><span style=\"color: var( --e-global-color-text ); font-family: var( --e-global-typography-text-font-family ), Sans-serif; font-weight: var( --e-global-typography-text-font-weight ); letter-spacing: 0px;\">Wysoko\u015b\u0107: 55cm<\/span><\/p><p><span style=\"color: var( --e-global-color-text ); font-family: var( --e-global-typography-text-font-family ), Sans-serif; font-weight: var( --e-global-typography-text-font-weight ); letter-spacing: 0px;\">Wyko\u0144czenie blat: lakier na wysoki po\u0142ysk\/olejowane<\/span><\/p><p><span style=\"color: var( --e-global-color-text ); font-family: var( --e-global-typography-text-font-family ), Sans-serif; font-weight: var( --e-global-typography-text-font-weight ); letter-spacing: 0px;\">Materia\u0142 blatu: p\u0142yta meblowa fornirowana\/drewno lite stabilizowane \u017cywic\u0105<\/span><\/p><p><span style=\"color: var( --e-global-color-text ); font-family: var( --e-global-typography-text-font-family ), Sans-serif; font-weight: var( --e-global-typography-text-font-weight ); letter-spacing: 0px;\">Wyko\u0144czenie n\u00f3g: lakier proszkowy satynowy\/olejowane<\/span><\/p><p><span style=\"color: var( --e-global-color-text ); font-family: var( --e-global-typography-text-font-family ), Sans-serif; font-weight: var( --e-global-typography-text-font-weight ); letter-spacing: 0px;\">Materia\u0142 n\u00f3g:&nbsp;<\/span><span style=\"background-color: rgb(255, 255, 255); color: var( --e-global-color-text ); font-family: var( --e-global-typography-text-font-family ), Sans-serif; font-weight: var( --e-global-typography-text-font-weight ); letter-spacing: 0px;\">p\u0142yta meblowa<\/span><\/p>\t\t\t\t\t\t<\/div>\n\t\t\t\t<\/div>\n\t\t\t\t\t<\/div>\n\t\t<\/div>\n\t\t\t\t\t\t\t<\/div>\n\t\t<\/section>\n\t\t\t\t<section class=\"elementor-section elementor-top-section elementor-element elementor-element-0cb25d8 elementor-section-full_width elementor-section-height-default elementor-section-height-default qodef-elementor-content-no\" data-id=\"0cb25d8\" data-element_type=\"section\">\n\t\t\t\t\t\t<div class=\"elementor-container elementor-column-gap-no\">\n\t\t\t\t\t<div class=\"elementor-column elementor-col-50 elementor-top-column elementor-element elementor-element-aeb3aa2\" data-id=\"aeb3aa2\" data-element_type=\"column\">\n\t\t\t<div class=\"elementor-widget-wrap elementor-element-populated\">\n\t\t\t\t\t\t\t\t<div class=\"elementor-element elementor-element-81e8e24 elementor-widget elementor-widget-image\" data-id=\"81e8e24\" data-element_type=\"widget\" data-widget_type=\"image.default\">\n\t\t\t\t<div class=\"elementor-widget-container\">\n\t\t\t\t\t\t\t\t\t\t\t\t\t\t\t<img decoding=\"async\" width=\"1280\" height=\"1920\" src=\"https:\/\/virstudio.eu\/wp-content\/uploads\/2022\/10\/b2.jpg\" class=\"attachment-full size-full\" alt=\"\" loading=\"lazy\" srcset=\"https:\/\/virstudio.eu\/wp-content\/uploads\/2022\/10\/b2.jpg 1280w, https:\/\/virstudio.eu\/wp-content\/uploads\/2022\/10\/b2-200x300.jpg 200w, https:\/\/virstudio.eu\/wp-content\/uploads\/2022\/10\/b2-683x1024.jpg 683w, https:\/\/virstudio.eu\/wp-content\/uploads\/2022\/10\/b2-768x1152.jpg 768w, https:\/\/virstudio.eu\/wp-content\/uploads\/2022\/10\/b2-1024x1536.jpg 1024w, https:\/\/virstudio.eu\/wp-content\/uploads\/2022\/10\/b2-600x900.jpg 600w\" sizes=\"(max-width: 1280px) 100vw, 1280px\" \/>\t\t\t\t\t\t\t\t\t\t\t\t\t\t\t<\/div>\n\t\t\t\t<\/div>\n\t\t\t\t\t<\/div>\n\t\t<\/div>\n\t\t\t\t<div class=\"elementor-column elementor-col-50 elementor-top-column elementor-element elementor-element-6fb7d68\" data-id=\"6fb7d68\" data-element_type=\"column\">\n\t\t\t<div class=\"elementor-widget-wrap elementor-element-populated\">\n\t\t\t\t\t\t\t\t<div class=\"elementor-element elementor-element-e63bc81 elementor-widget elementor-widget-image\" data-id=\"e63bc81\" data-element_type=\"widget\" data-widget_type=\"image.default\">\n\t\t\t\t<div class=\"elementor-widget-container\">\n\t\t\t\t\t\t\t\t\t\t\t\t\t\t\t<img decoding=\"async\" width=\"1280\" height=\"1920\" src=\"https:\/\/virstudio.eu\/wp-content\/uploads\/2022\/10\/b1.jpg\" class=\"attachment-full size-full\" alt=\"\" loading=\"lazy\" srcset=\"https:\/\/virstudio.eu\/wp-content\/uploads\/2022\/10\/b1.jpg 1280w, https:\/\/virstudio.eu\/wp-content\/uploads\/2022\/10\/b1-200x300.jpg 200w, https:\/\/virstudio.eu\/wp-content\/uploads\/2022\/10\/b1-683x1024.jpg 683w, https:\/\/virstudio.eu\/wp-content\/uploads\/2022\/10\/b1-768x1152.jpg 768w, https:\/\/virstudio.eu\/wp-content\/uploads\/2022\/10\/b1-1024x1536.jpg 1024w, https:\/\/virstudio.eu\/wp-content\/uploads\/2022\/10\/b1-600x900.jpg 600w\" sizes=\"(max-width: 1280px) 100vw, 1280px\" \/>\t\t\t\t\t\t\t\t\t\t\t\t\t\t\t<\/div>\n\t\t\t\t<\/div>\n\t\t\t\t\t<\/div>\n\t\t<\/div>\n\t\t\t\t\t\t\t<\/div>\n\t\t<\/section>\n\t\t\t\t<section class=\"elementor-section elementor-top-section elementor-element elementor-element-96b29b2 elementor-section-full_width elementor-section-height-default elementor-section-height-default qodef-elementor-content-no\" data-id=\"96b29b2\" data-element_type=\"section\">\n\t\t\t\t\t\t<div class=\"elementor-container elementor-column-gap-no\">\n\t\t\t\t\t<div class=\"elementor-column elementor-col-100 elementor-top-column elementor-element elementor-element-90e34f4\" data-id=\"90e34f4\" data-element_type=\"column\">\n\t\t\t<div class=\"elementor-widget-wrap elementor-element-populated\">\n\t\t\t\t\t\t\t\t<div class=\"elementor-element elementor-element-b4b7a7b elementor-widget elementor-widget-image\" data-id=\"b4b7a7b\" data-element_type=\"widget\" data-widget_type=\"image.default\">\n\t\t\t\t<div class=\"elementor-widget-container\">\n\t\t\t\t\t\t\t\t\t\t\t\t\t\t\t<img decoding=\"async\" width=\"1920\" height=\"1080\" src=\"https:\/\/virstudio.eu\/wp-content\/uploads\/2022\/10\/home-screen-Edit.jpg\" class=\"attachment-full size-full\" alt=\"\" loading=\"lazy\" srcset=\"https:\/\/virstudio.eu\/wp-content\/uploads\/2022\/10\/home-screen-Edit.jpg 1920w, https:\/\/virstudio.eu\/wp-content\/uploads\/2022\/10\/home-screen-Edit-300x169.jpg 300w, https:\/\/virstudio.eu\/wp-content\/uploads\/2022\/10\/home-screen-Edit-1024x576.jpg 1024w, https:\/\/virstudio.eu\/wp-content\/uploads\/2022\/10\/home-screen-Edit-768x432.jpg 768w, https:\/\/virstudio.eu\/wp-content\/uploads\/2022\/10\/home-screen-Edit-1536x864.jpg 1536w, https:\/\/virstudio.eu\/wp-content\/uploads\/2022\/10\/home-screen-Edit-600x338.jpg 600w\" sizes=\"(max-width: 1920px) 100vw, 1920px\" \/>\t\t\t\t\t\t\t\t\t\t\t\t\t\t\t<\/div>\n\t\t\t\t<\/div>\n\t\t\t\t\t<\/div>\n\t\t<\/div>\n\t\t\t\t\t\t\t<\/div>\n\t\t<\/section>\n\t\t\t\t<section class=\"elementor-section elementor-top-section elementor-element elementor-element-ed0fa5b elementor-section-boxed elementor-section-height-default elementor-section-height-default qodef-elementor-content-no\" data-id=\"ed0fa5b\" data-element_type=\"section\">\n\t\t\t\t\t\t<div class=\"elementor-container elementor-column-gap-default\">\n\t\t\t\t\t<div class=\"elementor-column elementor-col-100 elementor-top-column elementor-element elementor-element-a3fbc73\" data-id=\"a3fbc73\" data-element_type=\"column\">\n\t\t\t<div class=\"elementor-widget-wrap elementor-element-populated\">\n\t\t\t\t\t\t\t\t<div class=\"elementor-element elementor-element-e95019d elementor-widget__width-inherit elementor-widget elementor-widget-image\" data-id=\"e95019d\" data-element_type=\"widget\" data-widget_type=\"image.default\">\n\t\t\t\t<div class=\"elementor-widget-container\">\n\t\t\t\t\t\t\t\t\t\t\t\t\t\t\t\t<a href=\"https:\/\/virstudio.eu\">\n\t\t\t\t\t\t\t<img decoding=\"async\" width=\"512\" height=\"513\" src=\"https:\/\/virstudio.eu\/wp-content\/uploads\/2022\/10\/logo-alpha512.png\" class=\"attachment-full size-full\" alt=\"\" loading=\"lazy\" srcset=\"https:\/\/virstudio.eu\/wp-content\/uploads\/2022\/10\/logo-alpha512.png 512w, https:\/\/virstudio.eu\/wp-content\/uploads\/2022\/10\/logo-alpha512-300x300.png 300w, https:\/\/virstudio.eu\/wp-content\/uploads\/2022\/10\/logo-alpha512-150x150.png 150w, https:\/\/virstudio.eu\/wp-content\/uploads\/2022\/10\/logo-alpha512-100x100.png 100w\" sizes=\"(max-width: 512px) 100vw, 512px\" \/>\t\t\t\t\t\t\t\t<\/a>\n\t\t\t\t\t\t\t\t\t\t\t\t\t\t\t<\/div>\n\t\t\t\t<\/div>\n\t\t\t\t\t<\/div>\n\t\t<\/div>\n\t\t\t\t\t\t\t<\/div>\n\t\t<\/section>\n\t\t\t\t\t\t\t<\/div>\n\t\t","protected":false},"excerpt":{"rendered":"<p>tripedes TRIPEDES (z&nbsp;j.\u0142aci\u0144skiego &#8211; tr\u00f3jnogi)&nbsp;to elegancki stolik kawowy o bardzo prostej i solidnej konstrukcji. Jego wszechstronno\u015b\u0107 doceni ka\u017cdy kto poszukuje miejsca na od\u0142o\u017cenie ksi\u0105\u017cki lub fili\u017canki z kaw\u0105 w salonie. Z powodzeniem sprawdza si\u0119 on r\u00f3wnie\u017c jako postument sta\u0142ego wystroju wn\u0119trz jak lampka czy ziele\u0144 doniczkowa podnosz\u0105c ich rang\u0119 w przestrzeni. Wymiary: Rozmiar blatu: 50cm [&hellip;]<\/p>\n","protected":false},"author":1,"featured_media":0,"parent":0,"menu_order":0,"comment_status":"closed","ping_status":"closed","template":"qi-full-width.php","meta":{"om_disable_all_campaigns":false,"_mi_skip_tracking":false},"aioseo_notices":[],"_links":{"self":[{"href":"https:\/\/virstudio.eu\/index.php?rest_route=\/wp\/v2\/pages\/741"}],"collection":[{"href":"https:\/\/virstudio.eu\/index.php?rest_route=\/wp\/v2\/pages"}],"about":[{"href":"https:\/\/virstudio.eu\/index.php?rest_route=\/wp\/v2\/types\/page"}],"author":[{"embeddable":true,"href":"https:\/\/virstudio.eu\/index.php?rest_route=\/wp\/v2\/users\/1"}],"replies":[{"embeddable":true,"href":"https:\/\/virstudio.eu\/index.php?rest_route=%2Fwp%2Fv2%2Fcomments&post=741"}],"version-history":[{"count":34,"href":"https:\/\/virstudio.eu\/index.php?rest_route=\/wp\/v2\/pages\/741\/revisions"}],"predecessor-version":[{"id":869,"href":"https:\/\/virstudio.eu\/index.php?rest_route=\/wp\/v2\/pages\/741\/revisions\/869"}],"wp:attachment":[{"href":"https:\/\/virstudio.eu\/index.php?rest_route=%2Fwp%2Fv2%2Fmedia&parent=741"}],"curies":[{"name":"wp","href":"https:\/\/api.w.org\/{rel}","templated":true}]}}