{"id":703,"date":"2022-10-30T13:07:23","date_gmt":"2022-10-30T12:07:23","guid":{"rendered":"https:\/\/virstudio.eu\/?page_id=703"},"modified":"2022-11-07T13:45:28","modified_gmt":"2022-11-07T12:45:28","slug":"meble","status":"publish","type":"page","link":"https:\/\/virstudio.eu\/?page_id=703","title":{"rendered":"meble szafy"},"content":{"rendered":"\t\t<div data-elementor-type=\"wp-page\" data-elementor-id=\"703\" class=\"elementor elementor-703\">\n\t\t\t\t\t\t\t\t\t<section class=\"elementor-section elementor-top-section elementor-element elementor-element-1dc21a1 elementor-section-boxed elementor-section-height-default elementor-section-height-default qodef-elementor-content-no\" data-id=\"1dc21a1\" data-element_type=\"section\">\n\t\t\t\t\t\t<div class=\"elementor-container elementor-column-gap-default\">\n\t\t\t\t\t<div class=\"elementor-column elementor-col-100 elementor-top-column elementor-element elementor-element-cfb85ce\" data-id=\"cfb85ce\" data-element_type=\"column\">\n\t\t\t<div class=\"elementor-widget-wrap elementor-element-populated\">\n\t\t\t\t\t\t\t\t<div class=\"elementor-element elementor-element-532ba40 elementor-widget elementor-widget-text-editor\" data-id=\"532ba40\" data-element_type=\"widget\" data-widget_type=\"text-editor.default\">\n\t\t\t\t<div class=\"elementor-widget-container\">\n\t\t\t<style>\/*! elementor - v3.8.1 - 13-11-2022 *\/\n.elementor-widget-text-editor.elementor-drop-cap-view-stacked .elementor-drop-cap{background-color:#818a91;color:#fff}.elementor-widget-text-editor.elementor-drop-cap-view-framed .elementor-drop-cap{color:#818a91;border:3px solid;background-color:transparent}.elementor-widget-text-editor:not(.elementor-drop-cap-view-default) .elementor-drop-cap{margin-top:8px}.elementor-widget-text-editor:not(.elementor-drop-cap-view-default) .elementor-drop-cap-letter{width:1em;height:1em}.elementor-widget-text-editor .elementor-drop-cap{float:left;text-align:center;line-height:1;font-size:50px}.elementor-widget-text-editor .elementor-drop-cap-letter{display:inline-block}<\/style>\t\t\t\t<h4>Nie ma dw\u00f3ch takich samych wn\u0119trz dlatego, ka\u017cdy nasz mebel dopasowujemy do inwydualnych potrzeb.<\/h4>\t\t\t\t\t\t<\/div>\n\t\t\t\t<\/div>\n\t\t\t\t\t<\/div>\n\t\t<\/div>\n\t\t\t\t\t\t\t<\/div>\n\t\t<\/section>\n\t\t\t\t<section class=\"elementor-section elementor-top-section elementor-element elementor-element-0e0f0c1 elementor-section-full_width elementor-section-height-default elementor-section-height-default qodef-elementor-content-no\" data-id=\"0e0f0c1\" data-element_type=\"section\">\n\t\t\t\t\t\t<div class=\"elementor-container elementor-column-gap-no\">\n\t\t\t\t\t<div class=\"elementor-column elementor-col-50 elementor-top-column elementor-element elementor-element-56ff6bb\" data-id=\"56ff6bb\" data-element_type=\"column\">\n\t\t\t<div class=\"elementor-widget-wrap elementor-element-populated\">\n\t\t\t\t\t\t\t\t<div class=\"elementor-element elementor-element-4fc6902 elementor-widget elementor-widget-image\" data-id=\"4fc6902\" data-element_type=\"widget\" data-widget_type=\"image.default\">\n\t\t\t\t<div class=\"elementor-widget-container\">\n\t\t\t<style>\/*! elementor - v3.8.1 - 13-11-2022 *\/\n.elementor-widget-image{text-align:center}.elementor-widget-image a{display:inline-block}.elementor-widget-image a img[src$=\".svg\"]{width:48px}.elementor-widget-image img{vertical-align:middle;display:inline-block}<\/style>\t\t\t\t\t\t\t\t\t\t\t\t\t<a href=\"https:\/\/virstudio.eu\/wp-admin\/post.php?post=320&#038;action=elementor#\">\n\t\t\t\t\t\t\t<img decoding=\"async\" width=\"1920\" height=\"2400\" src=\"https:\/\/virstudio.eu\/wp-content\/uploads\/2022\/10\/a7-1.jpg\" class=\"attachment-full size-full\" alt=\"\" loading=\"lazy\" srcset=\"https:\/\/virstudio.eu\/wp-content\/uploads\/2022\/10\/a7-1.jpg 1920w, https:\/\/virstudio.eu\/wp-content\/uploads\/2022\/10\/a7-1-240x300.jpg 240w, https:\/\/virstudio.eu\/wp-content\/uploads\/2022\/10\/a7-1-819x1024.jpg 819w, https:\/\/virstudio.eu\/wp-content\/uploads\/2022\/10\/a7-1-768x960.jpg 768w, https:\/\/virstudio.eu\/wp-content\/uploads\/2022\/10\/a7-1-1229x1536.jpg 1229w, https:\/\/virstudio.eu\/wp-content\/uploads\/2022\/10\/a7-1-1638x2048.jpg 1638w, https:\/\/virstudio.eu\/wp-content\/uploads\/2022\/10\/a7-1-600x750.jpg 600w\" sizes=\"(max-width: 1920px) 100vw, 1920px\" \/>\t\t\t\t\t\t\t\t<\/a>\n\t\t\t\t\t\t\t\t\t\t\t\t\t\t\t<\/div>\n\t\t\t\t<\/div>\n\t\t\t\t\t<\/div>\n\t\t<\/div>\n\t\t\t\t<div class=\"elementor-column elementor-col-50 elementor-top-column elementor-element elementor-element-5a1e048\" data-id=\"5a1e048\" data-element_type=\"column\">\n\t\t\t<div class=\"elementor-widget-wrap elementor-element-populated\">\n\t\t\t\t\t\t\t\t<div class=\"elementor-element elementor-element-cc3f9e5 elementor-widget elementor-widget-text-editor\" data-id=\"cc3f9e5\" data-element_type=\"widget\" data-widget_type=\"text-editor.default\">\n\t\t\t\t<div class=\"elementor-widget-container\">\n\t\t\t\t\t\t\t<h4>RETE<\/h4>\t\t\t\t\t\t<\/div>\n\t\t\t\t<\/div>\n\t\t\t\t<div class=\"elementor-element elementor-element-7de53a7 elementor-widget elementor-widget-text-editor\" data-id=\"7de53a7\" data-element_type=\"widget\" data-widget_type=\"text-editor.default\">\n\t\t\t\t<div class=\"elementor-widget-container\">\n\t\t\t\t\t\t\t<p>Rega\u0142 RETE&nbsp;<span style=\"color: var( --e-global-color-text ); font-family: var( --e-global-typography-text-font-family ), Sans-serif; font-weight: var( --e-global-typography-text-font-weight ); letter-spacing: 0px; background-color: rgb(255, 255, 255);\">(z \u0142ac.&nbsp;<\/span><em style=\"color: var( --e-global-color-text ); font-family: var( --e-global-typography-text-font-family ), Sans-serif; font-weight: var( --e-global-typography-text-font-weight ); letter-spacing: 0px; background-color: rgb(255, 255, 255);\">rete&nbsp;<\/em><span style=\"color: var( --e-global-color-text ); font-family: var( --e-global-typography-text-font-family ), Sans-serif; font-weight: var( --e-global-typography-text-font-weight ); letter-spacing: 0px; background-color: rgb(255, 255, 255);\">&#8211; siatka)&nbsp;<\/span><span style=\"color: var( --e-global-color-text ); font-family: var( --e-global-typography-text-font-family ), Sans-serif; font-weight: var( --e-global-typography-text-font-weight ); letter-spacing: 0px;\">to prosta i jednocze\u015bnie spektakularna konstrukcja pe\u0142ni\u0105ca r\u00f3wnie\u017c rol\u0119 ekspozytora. Dzi\u0119ki zintegrowanemu podestowi uda\u0142o si\u0119 nam uzyska\u0107 smuk\u0142e proporcje i elegancki charakter nie ujmuj\u0105c przy tym jego funkcjonalno\u015bci. R\u00f3\u017cnych rozmiar\u00f3w p\u00f3\u0142ki i przestrzenie pozwalaj\u0105 na przechowywanie wybranych element\u00f3w dekoru dope\u0142niaj\u0105cych wn\u0119trze, oraz ksi\u0105\u017cek w wizualnie uporz\u0105dkowany spos\u00f3b. Ca\u0142o\u015b\u0107 kompozycji dope\u0142niona jest listwami led i punktami o\u015bwietleniowymi w dedykowanych miejscach.<\/span><\/p>\n<p><span style=\"color: var( --e-global-color-text ); font-family: var( --e-global-typography-text-font-family ), Sans-serif; font-weight: var( --e-global-typography-text-font-weight ); letter-spacing: 0px;\"><br><\/span><\/p>\n<p>W tym miejscu powinni\u015bmy opisa\u0107 dane techniczne naszego projektu, ale tego nie zrobimy. Przyczyna jest bardzo prosta.&nbsp;<\/p>\n<p><span style=\"color: var( --e-global-color-text ); font-family: var( --e-global-typography-text-font-family ), Sans-serif; font-weight: var( --e-global-typography-text-font-weight ); letter-spacing: 0px;\">Zabudowy projektujemy indywidualnie do ka\u017cdego wn\u0119trza, aby zapewni\u0107 odpowiednie proporcje nie tylko samemu meblowi, ale r\u00f3wnie\u017c pomieszczeniu do kt\u00f3rego jest ona przeznaczona. Tworzymy kompozycje integruj\u0105c w zabudow\u0119 donice na kwiaty, \u0142\u0105cz\u0105c je z innymi meblami, a nawet wydzielaj\u0105c nimi oddzielne przestrzenie.<\/span><\/p>\n<p><span style=\"color: var( --e-global-color-text ); font-family: var( --e-global-typography-text-font-family ), Sans-serif; font-weight: var( --e-global-typography-text-font-weight ); letter-spacing: 0px;\">Wszystko po to, aby stworzy\u0107 wn\u0119trza zapieraj\u0105ce dech w piersiach.<\/span><\/p>\t\t\t\t\t\t<\/div>\n\t\t\t\t<\/div>\n\t\t\t\t\t<\/div>\n\t\t<\/div>\n\t\t\t\t\t\t\t<\/div>\n\t\t<\/section>\n\t\t\t\t<section class=\"elementor-section elementor-top-section elementor-element elementor-element-812f732 elementor-section-full_width elementor-section-height-default elementor-section-height-default qodef-elementor-content-no\" data-id=\"812f732\" data-element_type=\"section\">\n\t\t\t\t\t\t<div class=\"elementor-container elementor-column-gap-no\">\n\t\t\t\t\t<div class=\"elementor-column elementor-col-50 elementor-top-column elementor-element elementor-element-be13f8c\" data-id=\"be13f8c\" data-element_type=\"column\">\n\t\t\t<div class=\"elementor-widget-wrap elementor-element-populated\">\n\t\t\t\t\t\t\t\t<div class=\"elementor-element elementor-element-4f6b3ee elementor-widget elementor-widget-image\" data-id=\"4f6b3ee\" data-element_type=\"widget\" data-widget_type=\"image.default\">\n\t\t\t\t<div class=\"elementor-widget-container\">\n\t\t\t\t\t\t\t\t\t\t\t\t\t\t\t\t<a href=\"https:\/\/virstudio.eu\/wp-admin\/post.php?post=320&#038;action=elementor#\">\n\t\t\t\t\t\t\t<img decoding=\"async\" width=\"1707\" height=\"2560\" src=\"https:\/\/virstudio.eu\/wp-content\/uploads\/2022\/10\/a13-scaled.jpg\" class=\"attachment-full size-full\" alt=\"\" loading=\"lazy\" srcset=\"https:\/\/virstudio.eu\/wp-content\/uploads\/2022\/10\/a13-scaled.jpg 1707w, https:\/\/virstudio.eu\/wp-content\/uploads\/2022\/10\/a13-200x300.jpg 200w, https:\/\/virstudio.eu\/wp-content\/uploads\/2022\/10\/a13-683x1024.jpg 683w, https:\/\/virstudio.eu\/wp-content\/uploads\/2022\/10\/a13-768x1152.jpg 768w, https:\/\/virstudio.eu\/wp-content\/uploads\/2022\/10\/a13-1024x1536.jpg 1024w, https:\/\/virstudio.eu\/wp-content\/uploads\/2022\/10\/a13-1365x2048.jpg 1365w, https:\/\/virstudio.eu\/wp-content\/uploads\/2022\/10\/a13-600x900.jpg 600w\" sizes=\"(max-width: 1707px) 100vw, 1707px\" \/>\t\t\t\t\t\t\t\t<\/a>\n\t\t\t\t\t\t\t\t\t\t\t\t\t\t\t<\/div>\n\t\t\t\t<\/div>\n\t\t\t\t\t<\/div>\n\t\t<\/div>\n\t\t\t\t<div class=\"elementor-column elementor-col-50 elementor-top-column elementor-element elementor-element-44865b6\" data-id=\"44865b6\" data-element_type=\"column\">\n\t\t\t<div class=\"elementor-widget-wrap elementor-element-populated\">\n\t\t\t\t\t\t\t\t<div class=\"elementor-element elementor-element-bff17f6 elementor-widget elementor-widget-image\" data-id=\"bff17f6\" data-element_type=\"widget\" data-widget_type=\"image.default\">\n\t\t\t\t<div class=\"elementor-widget-container\">\n\t\t\t\t\t\t\t\t\t\t\t\t\t\t\t\t<a href=\"https:\/\/virstudio.eu\/?page_id=315\">\n\t\t\t\t\t\t\t<img decoding=\"async\" width=\"1707\" height=\"2560\" src=\"https:\/\/virstudio.eu\/wp-content\/uploads\/2022\/10\/a10-scaled.jpg\" class=\"attachment-full size-full\" alt=\"\" loading=\"lazy\" srcset=\"https:\/\/virstudio.eu\/wp-content\/uploads\/2022\/10\/a10-scaled.jpg 1707w, https:\/\/virstudio.eu\/wp-content\/uploads\/2022\/10\/a10-200x300.jpg 200w, https:\/\/virstudio.eu\/wp-content\/uploads\/2022\/10\/a10-683x1024.jpg 683w, https:\/\/virstudio.eu\/wp-content\/uploads\/2022\/10\/a10-768x1152.jpg 768w, https:\/\/virstudio.eu\/wp-content\/uploads\/2022\/10\/a10-1024x1536.jpg 1024w, https:\/\/virstudio.eu\/wp-content\/uploads\/2022\/10\/a10-1365x2048.jpg 1365w, https:\/\/virstudio.eu\/wp-content\/uploads\/2022\/10\/a10-600x900.jpg 600w\" sizes=\"(max-width: 1707px) 100vw, 1707px\" \/>\t\t\t\t\t\t\t\t<\/a>\n\t\t\t\t\t\t\t\t\t\t\t\t\t\t\t<\/div>\n\t\t\t\t<\/div>\n\t\t\t\t\t<\/div>\n\t\t<\/div>\n\t\t\t\t\t\t\t<\/div>\n\t\t<\/section>\n\t\t\t\t<section class=\"elementor-section elementor-top-section elementor-element elementor-element-3fd3842 elementor-section-full_width elementor-section-height-default elementor-section-height-default qodef-elementor-content-no\" data-id=\"3fd3842\" data-element_type=\"section\">\n\t\t\t\t\t\t<div class=\"elementor-container elementor-column-gap-no\">\n\t\t\t\t\t<div class=\"elementor-column elementor-col-50 elementor-top-column elementor-element elementor-element-bb5f122\" data-id=\"bb5f122\" data-element_type=\"column\">\n\t\t\t<div class=\"elementor-widget-wrap elementor-element-populated\">\n\t\t\t\t\t\t\t\t<div class=\"elementor-element elementor-element-8f119c1 elementor-widget elementor-widget-image\" data-id=\"8f119c1\" data-element_type=\"widget\" data-widget_type=\"image.default\">\n\t\t\t\t<div class=\"elementor-widget-container\">\n\t\t\t\t\t\t\t\t\t\t\t\t\t\t\t\t<a href=\"https:\/\/virstudio.eu\/wp-admin\/post.php?post=320&#038;action=elementor#\">\n\t\t\t\t\t\t\t<img decoding=\"async\" width=\"1707\" height=\"2560\" src=\"https:\/\/virstudio.eu\/wp-content\/uploads\/2022\/10\/a9-scaled.jpg\" class=\"attachment-full size-full\" alt=\"\" loading=\"lazy\" srcset=\"https:\/\/virstudio.eu\/wp-content\/uploads\/2022\/10\/a9-scaled.jpg 1707w, https:\/\/virstudio.eu\/wp-content\/uploads\/2022\/10\/a9-200x300.jpg 200w, https:\/\/virstudio.eu\/wp-content\/uploads\/2022\/10\/a9-683x1024.jpg 683w, https:\/\/virstudio.eu\/wp-content\/uploads\/2022\/10\/a9-768x1152.jpg 768w, https:\/\/virstudio.eu\/wp-content\/uploads\/2022\/10\/a9-1024x1536.jpg 1024w, https:\/\/virstudio.eu\/wp-content\/uploads\/2022\/10\/a9-1365x2048.jpg 1365w, https:\/\/virstudio.eu\/wp-content\/uploads\/2022\/10\/a9-600x900.jpg 600w\" sizes=\"(max-width: 1707px) 100vw, 1707px\" \/>\t\t\t\t\t\t\t\t<\/a>\n\t\t\t\t\t\t\t\t\t\t\t\t\t\t\t<\/div>\n\t\t\t\t<\/div>\n\t\t\t\t\t<\/div>\n\t\t<\/div>\n\t\t\t\t<div class=\"elementor-column elementor-col-50 elementor-top-column elementor-element elementor-element-eae3b3b\" data-id=\"eae3b3b\" data-element_type=\"column\">\n\t\t\t<div class=\"elementor-widget-wrap elementor-element-populated\">\n\t\t\t\t\t\t\t\t<div class=\"elementor-element elementor-element-2b5fde9 elementor-widget elementor-widget-image\" data-id=\"2b5fde9\" data-element_type=\"widget\" data-widget_type=\"image.default\">\n\t\t\t\t<div class=\"elementor-widget-container\">\n\t\t\t\t\t\t\t\t\t\t\t\t\t\t\t\t<a href=\"https:\/\/virstudio.eu\/?page_id=315\">\n\t\t\t\t\t\t\t<img decoding=\"async\" width=\"1707\" height=\"2560\" src=\"https:\/\/virstudio.eu\/wp-content\/uploads\/2022\/10\/a11-scaled.jpg\" class=\"attachment-full size-full\" alt=\"\" loading=\"lazy\" srcset=\"https:\/\/virstudio.eu\/wp-content\/uploads\/2022\/10\/a11-scaled.jpg 1707w, https:\/\/virstudio.eu\/wp-content\/uploads\/2022\/10\/a11-200x300.jpg 200w, https:\/\/virstudio.eu\/wp-content\/uploads\/2022\/10\/a11-683x1024.jpg 683w, https:\/\/virstudio.eu\/wp-content\/uploads\/2022\/10\/a11-768x1152.jpg 768w, https:\/\/virstudio.eu\/wp-content\/uploads\/2022\/10\/a11-1024x1536.jpg 1024w, https:\/\/virstudio.eu\/wp-content\/uploads\/2022\/10\/a11-1365x2048.jpg 1365w, https:\/\/virstudio.eu\/wp-content\/uploads\/2022\/10\/a11-600x900.jpg 600w\" sizes=\"(max-width: 1707px) 100vw, 1707px\" \/>\t\t\t\t\t\t\t\t<\/a>\n\t\t\t\t\t\t\t\t\t\t\t\t\t\t\t<\/div>\n\t\t\t\t<\/div>\n\t\t\t\t\t<\/div>\n\t\t<\/div>\n\t\t\t\t\t\t\t<\/div>\n\t\t<\/section>\n\t\t\t\t<section class=\"elementor-section elementor-top-section elementor-element elementor-element-18a6e05 elementor-section-full_width elementor-section-height-default elementor-section-height-default qodef-elementor-content-no\" data-id=\"18a6e05\" data-element_type=\"section\">\n\t\t\t\t\t\t<div class=\"elementor-container elementor-column-gap-no\">\n\t\t\t\t\t<div class=\"elementor-column elementor-col-50 elementor-top-column elementor-element elementor-element-16e80f2\" data-id=\"16e80f2\" data-element_type=\"column\">\n\t\t\t<div class=\"elementor-widget-wrap elementor-element-populated\">\n\t\t\t\t\t\t\t\t<div class=\"elementor-element elementor-element-6cdb66c elementor-widget elementor-widget-image\" data-id=\"6cdb66c\" data-element_type=\"widget\" data-widget_type=\"image.default\">\n\t\t\t\t<div class=\"elementor-widget-container\">\n\t\t\t\t\t\t\t\t\t\t\t\t\t\t\t\t<a href=\"https:\/\/virstudio.eu\/wp-admin\/post.php?post=320&#038;action=elementor#\">\n\t\t\t\t\t\t\t<img decoding=\"async\" width=\"1707\" height=\"2560\" src=\"https:\/\/virstudio.eu\/wp-content\/uploads\/2022\/10\/a12-scaled.jpg\" class=\"attachment-full size-full\" alt=\"\" loading=\"lazy\" srcset=\"https:\/\/virstudio.eu\/wp-content\/uploads\/2022\/10\/a12-scaled.jpg 1707w, https:\/\/virstudio.eu\/wp-content\/uploads\/2022\/10\/a12-200x300.jpg 200w, https:\/\/virstudio.eu\/wp-content\/uploads\/2022\/10\/a12-683x1024.jpg 683w, https:\/\/virstudio.eu\/wp-content\/uploads\/2022\/10\/a12-768x1152.jpg 768w, https:\/\/virstudio.eu\/wp-content\/uploads\/2022\/10\/a12-1024x1536.jpg 1024w, https:\/\/virstudio.eu\/wp-content\/uploads\/2022\/10\/a12-1365x2048.jpg 1365w, https:\/\/virstudio.eu\/wp-content\/uploads\/2022\/10\/a12-600x900.jpg 600w\" sizes=\"(max-width: 1707px) 100vw, 1707px\" \/>\t\t\t\t\t\t\t\t<\/a>\n\t\t\t\t\t\t\t\t\t\t\t\t\t\t\t<\/div>\n\t\t\t\t<\/div>\n\t\t\t\t\t<\/div>\n\t\t<\/div>\n\t\t\t\t<div class=\"elementor-column elementor-col-50 elementor-top-column elementor-element elementor-element-5aabdc4\" data-id=\"5aabdc4\" data-element_type=\"column\">\n\t\t\t<div class=\"elementor-widget-wrap elementor-element-populated\">\n\t\t\t\t\t\t\t\t<div class=\"elementor-element elementor-element-6543f6a elementor-widget elementor-widget-image\" data-id=\"6543f6a\" data-element_type=\"widget\" data-widget_type=\"image.default\">\n\t\t\t\t<div class=\"elementor-widget-container\">\n\t\t\t\t\t\t\t\t\t\t\t\t\t\t\t\t<a href=\"https:\/\/virstudio.eu\/?page_id=315\">\n\t\t\t\t\t\t\t<img decoding=\"async\" width=\"1707\" height=\"2560\" src=\"https:\/\/virstudio.eu\/wp-content\/uploads\/2022\/10\/a8-scaled.jpg\" class=\"attachment-full size-full\" alt=\"\" loading=\"lazy\" srcset=\"https:\/\/virstudio.eu\/wp-content\/uploads\/2022\/10\/a8-scaled.jpg 1707w, https:\/\/virstudio.eu\/wp-content\/uploads\/2022\/10\/a8-200x300.jpg 200w, https:\/\/virstudio.eu\/wp-content\/uploads\/2022\/10\/a8-683x1024.jpg 683w, https:\/\/virstudio.eu\/wp-content\/uploads\/2022\/10\/a8-768x1152.jpg 768w, https:\/\/virstudio.eu\/wp-content\/uploads\/2022\/10\/a8-1024x1536.jpg 1024w, https:\/\/virstudio.eu\/wp-content\/uploads\/2022\/10\/a8-1365x2048.jpg 1365w, https:\/\/virstudio.eu\/wp-content\/uploads\/2022\/10\/a8-600x900.jpg 600w\" sizes=\"(max-width: 1707px) 100vw, 1707px\" \/>\t\t\t\t\t\t\t\t<\/a>\n\t\t\t\t\t\t\t\t\t\t\t\t\t\t\t<\/div>\n\t\t\t\t<\/div>\n\t\t\t\t\t<\/div>\n\t\t<\/div>\n\t\t\t\t\t\t\t<\/div>\n\t\t<\/section>\n\t\t\t\t<section class=\"elementor-section elementor-top-section elementor-element elementor-element-ed0fa5b elementor-section-boxed elementor-section-height-default elementor-section-height-default qodef-elementor-content-no\" data-id=\"ed0fa5b\" data-element_type=\"section\">\n\t\t\t\t\t\t<div class=\"elementor-container elementor-column-gap-default\">\n\t\t\t\t\t<div class=\"elementor-column elementor-col-100 elementor-top-column elementor-element elementor-element-a3fbc73\" data-id=\"a3fbc73\" data-element_type=\"column\">\n\t\t\t<div class=\"elementor-widget-wrap elementor-element-populated\">\n\t\t\t\t\t\t\t\t<div class=\"elementor-element elementor-element-e95019d elementor-widget__width-inherit elementor-widget elementor-widget-image\" data-id=\"e95019d\" data-element_type=\"widget\" data-widget_type=\"image.default\">\n\t\t\t\t<div class=\"elementor-widget-container\">\n\t\t\t\t\t\t\t\t\t\t\t\t\t\t\t\t<a href=\"https:\/\/virstudio.eu\">\n\t\t\t\t\t\t\t<img decoding=\"async\" width=\"512\" height=\"513\" src=\"https:\/\/virstudio.eu\/wp-content\/uploads\/2022\/10\/logo-alpha512.png\" class=\"attachment-full size-full\" alt=\"\" loading=\"lazy\" srcset=\"https:\/\/virstudio.eu\/wp-content\/uploads\/2022\/10\/logo-alpha512.png 512w, https:\/\/virstudio.eu\/wp-content\/uploads\/2022\/10\/logo-alpha512-300x300.png 300w, https:\/\/virstudio.eu\/wp-content\/uploads\/2022\/10\/logo-alpha512-150x150.png 150w, https:\/\/virstudio.eu\/wp-content\/uploads\/2022\/10\/logo-alpha512-100x100.png 100w\" sizes=\"(max-width: 512px) 100vw, 512px\" \/>\t\t\t\t\t\t\t\t<\/a>\n\t\t\t\t\t\t\t\t\t\t\t\t\t\t\t<\/div>\n\t\t\t\t<\/div>\n\t\t\t\t\t<\/div>\n\t\t<\/div>\n\t\t\t\t\t\t\t<\/div>\n\t\t<\/section>\n\t\t\t\t\t\t\t<\/div>\n\t\t","protected":false},"excerpt":{"rendered":"<p>Nie ma dw\u00f3ch takich samych wn\u0119trz dlatego, ka\u017cdy nasz mebel dopasowujemy do inwydualnych potrzeb. RETE Rega\u0142 RETE&nbsp;(z \u0142ac.&nbsp;rete&nbsp;&#8211; siatka)&nbsp;to prosta i jednocze\u015bnie spektakularna konstrukcja pe\u0142ni\u0105ca r\u00f3wnie\u017c rol\u0119 ekspozytora. Dzi\u0119ki zintegrowanemu podestowi uda\u0142o si\u0119 nam uzyska\u0107 smuk\u0142e proporcje i elegancki charakter nie ujmuj\u0105c przy tym jego funkcjonalno\u015bci. R\u00f3\u017cnych rozmiar\u00f3w p\u00f3\u0142ki i przestrzenie pozwalaj\u0105 na przechowywanie wybranych [&hellip;]<\/p>\n","protected":false},"author":1,"featured_media":0,"parent":0,"menu_order":0,"comment_status":"closed","ping_status":"closed","template":"qi-full-width.php","meta":{"om_disable_all_campaigns":false,"_mi_skip_tracking":false},"aioseo_notices":[],"_links":{"self":[{"href":"https:\/\/virstudio.eu\/index.php?rest_route=\/wp\/v2\/pages\/703"}],"collection":[{"href":"https:\/\/virstudio.eu\/index.php?rest_route=\/wp\/v2\/pages"}],"about":[{"href":"https:\/\/virstudio.eu\/index.php?rest_route=\/wp\/v2\/types\/page"}],"author":[{"embeddable":true,"href":"https:\/\/virstudio.eu\/index.php?rest_route=\/wp\/v2\/users\/1"}],"replies":[{"embeddable":true,"href":"https:\/\/virstudio.eu\/index.php?rest_route=%2Fwp%2Fv2%2Fcomments&post=703"}],"version-history":[{"count":50,"href":"https:\/\/virstudio.eu\/index.php?rest_route=\/wp\/v2\/pages\/703\/revisions"}],"predecessor-version":[{"id":834,"href":"https:\/\/virstudio.eu\/index.php?rest_route=\/wp\/v2\/pages\/703\/revisions\/834"}],"wp:attachment":[{"href":"https:\/\/virstudio.eu\/index.php?rest_route=%2Fwp%2Fv2%2Fmedia&parent=703"}],"curies":[{"name":"wp","href":"https:\/\/api.w.org\/{rel}","templated":true}]}}